{"id":9268,"date":"2024-11-26T03:19:31","date_gmt":"2024-11-26T03:19:31","guid":{"rendered":"https:\/\/walkersicecream.com\/product\/gateau-grincheux\/"},"modified":"2024-12-05T16:43:15","modified_gmt":"2024-12-05T16:43:15","slug":"gateau-de-grincheux","status":"publish","type":"product","link":"https:\/\/walkersicecream.com\/fr\/produit\/gateau-de-grincheux\/","title":{"rendered":"G\u00e2teau Grincheux"},"content":{"rendered":"","protected":false},"excerpt":{"rendered":"<p><span style=\"font-weight: 400;\">Notre mod\u00e8le le plus populaire ! Le g\u00e2teau du Grinch est notre d\u00e9licieux fudge au chocolat\/oreo avec de la glace \u00e0 la vanille et au chocolat \u00e0 l&rsquo;int\u00e9rieur, mais il peut \u00eatre pr\u00e9par\u00e9 avec une glace \u00e0 la canne \u00e0 sucre plus festive. (Indiquez votre choix de glace dans la section Demande sp\u00e9ciale).<\/span><\/p>\n","protected":false},"featured_media":9114,"comment_status":"closed","ping_status":"closed","template":"","meta":{"_coblocks_attr":"","_coblocks_dimensions":"","_coblocks_responsive_height":"","_coblocks_accordion_ie_support":"","_price":"33","_stock":"","_tribe_ticket_header":"","_tribe_default_ticket_provider":"","_tribe_ticket_capacity":"4","_ticket_start_date":"","_ticket_end_date":"","_tribe_ticket_show_description":"","_tribe_ticket_show_not_going":false,"_tribe_ticket_use_global_stock":"","_tribe_ticket_global_stock_level":"","_global_stock_mode":"","_global_stock_cap":"","_tribe_rsvp_for_event":"","_tribe_ticket_going_count":"","_tribe_ticket_not_going_count":"","_tribe_tickets_list":"[]","_tribe_ticket_has_attendee_info_fields":false},"product_cat":[467],"product_tag":[468],"class_list":["post-9268","product","type-product","status-publish","has-post-thumbnail","hentry","product_cat-vacances2024","product_tag-vacances2024"],"_links":{"self":[{"href":"https:\/\/walkersicecream.com\/fr\/wp-json\/wp\/v2\/product\/9268","targetHints":{"allow":["GET"]}}],"collection":[{"href":"https:\/\/walkersicecream.com\/fr\/wp-json\/wp\/v2\/product"}],"about":[{"href":"https:\/\/walkersicecream.com\/fr\/wp-json\/wp\/v2\/types\/product"}],"replies":[{"embeddable":true,"href":"https:\/\/walkersicecream.com\/fr\/wp-json\/wp\/v2\/comments?post=9268"}],"wp:featuredmedia":[{"embeddable":true,"href":"https:\/\/walkersicecream.com\/fr\/wp-json\/wp\/v2\/media\/9114"}],"wp:attachment":[{"href":"https:\/\/walkersicecream.com\/fr\/wp-json\/wp\/v2\/media?parent=9268"}],"wp:term":[{"taxonomy":"product_cat","embeddable":true,"href":"https:\/\/walkersicecream.com\/fr\/wp-json\/wp\/v2\/product_cat?post=9268"},{"taxonomy":"product_tag","embeddable":true,"href":"https:\/\/walkersicecream.com\/fr\/wp-json\/wp\/v2\/product_tag?post=9268"}],"curies":[{"name":"wp","href":"https:\/\/api.w.org\/{rel}","templated":true}]}}