{"id":9264,"date":"2024-11-26T03:14:52","date_gmt":"2024-11-26T03:14:52","guid":{"rendered":"https:\/\/walkersicecream.com\/product\/sapin-de-noel-en-mini-sandwichs-a-la-creme-glacee\/"},"modified":"2025-12-18T03:16:22","modified_gmt":"2025-12-18T03:16:22","slug":"mini-glace-sandwich-arbre-de-noel","status":"publish","type":"product","link":"https:\/\/walkersicecream.com\/fr\/produit\/mini-glace-sandwich-arbre-de-noel\/","title":{"rendered":"Sapin de No\u00ebl en mini sandwichs \u00e0 la cr\u00e8me glac\u00e9e"},"content":{"rendered":"","protected":false},"excerpt":{"rendered":"<p><span style=\"font-weight: 400;\">Enchantez vos invit\u00e9s avec un sapin de No\u00ebl confectionn\u00e9 \u00e0 partir de nos c\u00e9l\u00e8bres mini sandwichs \u00e0 la cr\u00e8me glac\u00e9e, un dessert qui \u00e9clipsera \u00e0 coup s\u00fbr les cadeaux!<\/span><\/p>\n","protected":false},"featured_media":9104,"comment_status":"closed","ping_status":"closed","template":"","meta":{"_coblocks_attr":"","_coblocks_dimensions":"","_coblocks_responsive_height":"","_coblocks_accordion_ie_support":"","_price":"34","_stock":"","_tribe_ticket_header":"","_tribe_default_ticket_provider":"","_tribe_ticket_capacity":"0","_ticket_start_date":"","_ticket_end_date":"","_tribe_ticket_show_description":"","_tribe_ticket_show_not_going":false,"_tribe_ticket_use_global_stock":"","_tribe_ticket_global_stock_level":"","_global_stock_mode":"","_global_stock_cap":"","_tribe_rsvp_for_event":"","_tribe_ticket_going_count":"","_tribe_ticket_not_going_count":"","_tribe_tickets_list":"[]","_tribe_ticket_has_attendee_info_fields":false},"product_cat":[547],"product_tag":[536],"class_list":["post-9264","product","type-product","status-publish","has-post-thumbnail","hentry","product_cat-commande-en-attente","product_tag-notonsalenow-fr"],"_links":{"self":[{"href":"https:\/\/walkersicecream.com\/fr\/wp-json\/wp\/v2\/product\/9264","targetHints":{"allow":["GET"]}}],"collection":[{"href":"https:\/\/walkersicecream.com\/fr\/wp-json\/wp\/v2\/product"}],"about":[{"href":"https:\/\/walkersicecream.com\/fr\/wp-json\/wp\/v2\/types\/product"}],"replies":[{"embeddable":true,"href":"https:\/\/walkersicecream.com\/fr\/wp-json\/wp\/v2\/comments?post=9264"}],"wp:featuredmedia":[{"embeddable":true,"href":"https:\/\/walkersicecream.com\/fr\/wp-json\/wp\/v2\/media\/9104"}],"wp:attachment":[{"href":"https:\/\/walkersicecream.com\/fr\/wp-json\/wp\/v2\/media?parent=9264"}],"wp:term":[{"taxonomy":"product_cat","embeddable":true,"href":"https:\/\/walkersicecream.com\/fr\/wp-json\/wp\/v2\/product_cat?post=9264"},{"taxonomy":"product_tag","embeddable":true,"href":"https:\/\/walkersicecream.com\/fr\/wp-json\/wp\/v2\/product_tag?post=9264"}],"curies":[{"name":"wp","href":"https:\/\/api.w.org\/{rel}","templated":true}]}}