{"id":2741,"date":"2023-05-20T02:36:39","date_gmt":"2023-05-20T02:36:39","guid":{"rendered":"https:\/\/walkersicecream.com\/partenariat\/"},"modified":"2023-07-26T13:33:23","modified_gmt":"2023-07-26T13:33:23","slug":"partenariat","status":"publish","type":"page","link":"https:\/\/walkersicecream.com\/fr\/partenariat\/","title":{"rendered":"Partenariat"},"content":{"rendered":"\n<div class=\"wp-block-cover alignfull is-light\"><span aria-hidden=\"true\" class=\"wp-block-cover__background has-background-dim-0 has-background-dim\"><\/span><img loading=\"lazy\" decoding=\"async\" width=\"1753\" height=\"640\" class=\"wp-block-cover__image-background wp-image-210\" alt=\"\" src=\"https:\/\/walkersicecream.com\/wp-content\/uploads\/2022\/11\/about-bg-1.png\" data-object-fit=\"cover\" srcset=\"https:\/\/walkersicecream.com\/wp-content\/uploads\/2022\/11\/about-bg-1.png 1753w, https:\/\/walkersicecream.com\/wp-content\/uploads\/2022\/11\/about-bg-1-300x110.png 300w, https:\/\/walkersicecream.com\/wp-content\/uploads\/2022\/11\/about-bg-1-1024x374.png 1024w, https:\/\/walkersicecream.com\/wp-content\/uploads\/2022\/11\/about-bg-1-768x280.png 768w, https:\/\/walkersicecream.com\/wp-content\/uploads\/2022\/11\/about-bg-1-1536x561.png 1536w, https:\/\/walkersicecream.com\/wp-content\/uploads\/2022\/11\/about-bg-1-1320x482.png 1320w, https:\/\/walkersicecream.com\/wp-content\/uploads\/2022\/11\/about-bg-1-600x219.png 600w, https:\/\/walkersicecream.com\/wp-content\/uploads\/2022\/11\/about-bg-1-100x37.png 100w\" sizes=\"auto, (max-width: 1753px) 100vw, 1753px\" \/><div class=\"wp-block-cover__inner-container is-layout-flow wp-block-cover-is-layout-flow\">\n<div class=\"wp-block-glgu-group-custom glgu-group-custom\" style=\"max-width:1200px;padding-top:100px;padding-bottom:60px\" id=\"glgu-group-custom-0\">\n<div class=\"wp-block-columns is-layout-flex wp-container-core-columns-is-layout-28f84493 wp-block-columns-is-layout-flex\">\n<div class=\"wp-block-column is-layout-flow wp-block-column-is-layout-flow\">\n<div class=\"wp-block-glgu-group-custom glgu-group-custom\" style=\"padding-top:70px;padding-right:90px;padding-bottom:120px\" id=\"glgu-group-custom-1\">\n<h2 class=\"wp-block-heading has-heading-element-color has-text-color\" style=\"margin-bottom:var(--wp--preset--spacing--60)\">Devenez notre partenaire !<\/h2>\n\n\n\n<p class=\"has-text-regular-color has-text-color\" style=\"margin-bottom:var(--wp--preset--spacing--60)\">Nos c\u00e9l\u00e8bres sandwichs \u00e0 la cr\u00e8me glac\u00e9e ou nos g\u00e2teaux \u00e0 la cr\u00e8me glac\u00e9e seraient-ils un compl\u00e9ment \u00e0 votre entreprise ou \u00e0 votre restaurant ? Walkers s&rsquo;est av\u00e9r\u00e9 tr\u00e8s rentable pour nos partenaires grossistes. Nous pouvons m\u00eame cr\u00e9er une saveur de glace ou un produit personnalis\u00e9 qui correspond \u00e0 votre th\u00e8me !<\/p>\n\n\n\n<div class=\"wp-block-buttons is-layout-flex wp-block-buttons-is-layout-flex\">\n<div class=\"wp-block-button has-custom-font-size\" style=\"font-size:15px;font-style:normal;font-weight:500\"><a class=\"wp-block-button__link wp-element-button\" href=\"https:\/\/walkersicecream.com\/fr\/nous-contacter\/\" style=\"border-radius:10px;padding-top:14px;padding-right:27px;padding-bottom:14px;padding-left:27px\">Envoyez-nous un courriel pour plus d&rsquo;informations<\/a><\/div>\n<\/div>\n<\/div>\n<\/div>\n\n\n\n<div class=\"wp-block-column is-layout-flow wp-block-column-is-layout-flow\">\n<div class=\"wp-block-glgu-group-custom glgu-group-custom\" style=\"overflow:hidden;border-radius:20px 20px 20px 20px\">\n<div class=\"wp-block-cover is-light\" style=\"padding-top:160px;padding-bottom:160px;min-height:400px;aspect-ratio:unset;\"><span aria-hidden=\"true\" class=\"wp-block-cover__background has-background-dim-0 has-background-dim\"><\/span><img loading=\"lazy\" decoding=\"async\" width=\"1024\" height=\"729\" class=\"wp-block-cover__image-background wp-image-3285\" alt=\"\" src=\"https:\/\/walkersicecream.com\/wp-content\/uploads\/2023\/06\/IMG_2973.jpg\" data-object-fit=\"cover\" srcset=\"https:\/\/walkersicecream.com\/wp-content\/uploads\/2023\/06\/IMG_2973.jpg 1024w, https:\/\/walkersicecream.com\/wp-content\/uploads\/2023\/06\/IMG_2973-300x214.jpg 300w, https:\/\/walkersicecream.com\/wp-content\/uploads\/2023\/06\/IMG_2973-768x547.jpg 768w, https:\/\/walkersicecream.com\/wp-content\/uploads\/2023\/06\/IMG_2973-600x427.jpg 600w, https:\/\/walkersicecream.com\/wp-content\/uploads\/2023\/06\/IMG_2973-100x71.jpg 100w\" sizes=\"auto, (max-width: 1024px) 100vw, 1024px\" \/><div class=\"wp-block-cover__inner-container is-layout-flow wp-block-cover-is-layout-flow\">\n<p class=\"has-text-align-center has-large-font-size\"><\/p>\n<\/div><\/div>\n<\/div>\n<\/div>\n<\/div>\n<\/div>\n<\/div><\/div>\n","protected":false},"excerpt":{"rendered":"","protected":false},"author":1,"featured_media":0,"parent":0,"menu_order":0,"comment_status":"closed","ping_status":"closed","template":"","meta":{"_coblocks_attr":"","_coblocks_dimensions":"","_coblocks_responsive_height":"","_coblocks_accordion_ie_support":"","_price":"","_stock":"","_tribe_ticket_header":"","_tribe_default_ticket_provider":"","_tribe_ticket_capacity":"0","_ticket_start_date":"","_ticket_end_date":"","_tribe_ticket_show_description":"","_tribe_ticket_show_not_going":false,"_tribe_ticket_use_global_stock":"","_tribe_ticket_global_stock_level":"","_global_stock_mode":"","_global_stock_cap":"","_tribe_rsvp_for_event":"","_tribe_ticket_going_count":"","_tribe_ticket_not_going_count":"","_tribe_tickets_list":"[]","_tribe_ticket_has_attendee_info_fields":false,"footnotes":""},"class_list":["post-2741","page","type-page","status-publish","hentry"],"ticketed":false,"_links":{"self":[{"href":"https:\/\/walkersicecream.com\/fr\/wp-json\/wp\/v2\/pages\/2741","targetHints":{"allow":["GET"]}}],"collection":[{"href":"https:\/\/walkersicecream.com\/fr\/wp-json\/wp\/v2\/pages"}],"about":[{"href":"https:\/\/walkersicecream.com\/fr\/wp-json\/wp\/v2\/types\/page"}],"author":[{"embeddable":true,"href":"https:\/\/walkersicecream.com\/fr\/wp-json\/wp\/v2\/users\/1"}],"replies":[{"embeddable":true,"href":"https:\/\/walkersicecream.com\/fr\/wp-json\/wp\/v2\/comments?post=2741"}],"version-history":[{"count":11,"href":"https:\/\/walkersicecream.com\/fr\/wp-json\/wp\/v2\/pages\/2741\/revisions"}],"predecessor-version":[{"id":8470,"href":"https:\/\/walkersicecream.com\/fr\/wp-json\/wp\/v2\/pages\/2741\/revisions\/8470"}],"wp:attachment":[{"href":"https:\/\/walkersicecream.com\/fr\/wp-json\/wp\/v2\/media?parent=2741"}],"curies":[{"name":"wp","href":"https:\/\/api.w.org\/{rel}","templated":true}]}}