{"id":2728,"date":"2023-05-18T13:15:02","date_gmt":"2023-05-18T13:15:02","guid":{"rendered":"https:\/\/walkersicecream.com\/boutique\/sandwichs-a-la-creme-glacee\/"},"modified":"2023-07-26T18:20:58","modified_gmt":"2023-07-26T18:20:58","slug":"sandwichs-a-la-creme-glacee","status":"publish","type":"page","link":"https:\/\/walkersicecream.com\/fr\/nos-produits\/sandwichs-a-la-creme-glacee\/","title":{"rendered":"Sandwichs \u00e0 la cr\u00e8me glac\u00e9e"},"content":{"rendered":"\n<div class=\"wp-block-glgu-group-custom glgu-group-custom\" style=\"max-width:1200px;padding-top:30px;padding-bottom:70px\">\n<p class=\"has-text-align-center\">Nos sandwichs sont pr\u00e9par\u00e9s chaque jour en petites quantit\u00e9s et accompagn\u00e9s de biscuits fra\u00eechement sortis du four et d&rsquo;une boisson rafra\u00eechissante cr\u00e9meuse. Nous disposons d&rsquo;un stock complet de tous les ar\u00f4mes dans nos magasins pour les visiteurs, mais nous avons rendu possible l&rsquo;achat en ligne pour les commandes plus importantes. Les commandes en ligne n\u00e9cessitent un d\u00e9lai de traitement de 48 heures.<\/p>\n\n\n<div data-block-name=\"woocommerce\/product-category\" data-rows=\"2\" data-content-visibility=\"{&quot;image&quot;:true,&quot;title&quot;:true,&quot;price&quot;:true,&quot;rating&quot;:false,&quot;button&quot;:true}\" data-categories=\"[450]\" data-stock-status=\"[&quot;&quot;,&quot;&quot;,&quot;&quot;,&quot;&quot;,&quot;instock&quot;,&quot;onbackorder&quot;,&quot;outofstock&quot;]\" data-orderby=\"menu_order\" data-product-style=\"1\" data-overflow=\"hidden\" data-product-wishlist=\"false\" class=\"wc-block-grid wp-block-product-category wc-block-product-category has-3-columns has-multiple-rows\"><ul class=\"wc-block-grid__products\"><li class=\"wc-block-grid__product\">\n                                <div class=\"coffeeshop-wc-thumbnail-wrap\" >\n                                    <div class=\"wc-block-grid__product-image\"><img loading=\"lazy\" decoding=\"async\" width=\"300\" height=\"300\" src=\"https:\/\/walkersicecream.com\/wp-content\/uploads\/2023\/06\/IceCreamSandwichs-300x300.jpg\" class=\"attachment-woocommerce_thumbnail size-woocommerce_thumbnail\" alt=\"Sandwichs \u00e0 la cr\u00e8me glac\u00e9e\" srcset=\"https:\/\/walkersicecream.com\/wp-content\/uploads\/2023\/06\/IceCreamSandwichs-300x300.jpg 300w, https:\/\/walkersicecream.com\/wp-content\/uploads\/2023\/06\/IceCreamSandwichs-150x150.jpg 150w, https:\/\/walkersicecream.com\/wp-content\/uploads\/2023\/06\/IceCreamSandwichs-100x100.jpg 100w, https:\/\/walkersicecream.com\/wp-content\/uploads\/2023\/06\/IceCreamSandwichs-50x50.jpg 50w\" sizes=\"auto, (max-width: 300px) 100vw, 300px\" \/><\/div>\n                                    \n                                    \n                                    <div class=\"coffeeshop-wc-thumbnail-overlay\" >\n                                        <div class=\"wp-block-button wc-block-grid__product-add-to-cart\"><a href=\"https:\/\/walkersicecream.com\/fr\/produit\/sandwichs-a-la-creme-glacee\/\" aria-label=\"Select options for &ldquo;Sandwichs \u00e0 la cr\u00e8me glac\u00e9e&rdquo;\" data-quantity=\"1\" data-product_id=\"8431\" data-product_sku=\"\" rel=\"nofollow\" class=\"  add_to_cart_button\">Commander<\/a><\/div>\n                                    <\/div>\n                                <\/div>\n                                <div class=\"coffeeshop-wc-content-wrap\" >\n                                    <div class=\"wc-block-grid__product-title\"><a href=\"https:\/\/walkersicecream.com\/fr\/produit\/sandwichs-a-la-creme-glacee\/\">Sandwichs \u00e0 la cr\u00e8me glac\u00e9e<\/a><\/div>\n                                    \n                                    <div class=\"coffeeshop-wc-info-wrap\" >\n                                        <div class=\"wc-block-grid__product-price price\"><span class=\"woocommerce-Price-amount amount\"><span class=\"woocommerce-Price-currencySymbol\">&#036;<\/span>4.75<\/span> &ndash; <span class=\"woocommerce-Price-amount amount\"><span class=\"woocommerce-Price-currencySymbol\">&#036;<\/span>5.75<\/span><\/div>\n                                        <div class=\"wp-block-button wc-block-grid__product-add-to-cart\"><a href=\"https:\/\/walkersicecream.com\/fr\/produit\/sandwichs-a-la-creme-glacee\/\" aria-label=\"Select options for &ldquo;Sandwichs \u00e0 la cr\u00e8me glac\u00e9e&rdquo;\" data-quantity=\"1\" data-product_id=\"8431\" data-product_sku=\"\" rel=\"nofollow\" class=\"  add_to_cart_button\">Commander<\/a><\/div>\n                                    <\/div>\n                                <\/div>\n                            <\/li><li class=\"wc-block-grid__product\">\n                                <div class=\"coffeeshop-wc-thumbnail-wrap\" >\n                                    <div class=\"wc-block-grid__product-image\"><img loading=\"lazy\" decoding=\"async\" width=\"300\" height=\"300\" src=\"https:\/\/walkersicecream.com\/wp-content\/uploads\/2023\/07\/ICE-CREAM-MINIS-300x300.jpg\" class=\"attachment-woocommerce_thumbnail size-woocommerce_thumbnail\" alt=\"Cr\u00e8me glac\u00e9e miniature\" srcset=\"https:\/\/walkersicecream.com\/wp-content\/uploads\/2023\/07\/ICE-CREAM-MINIS-300x300.jpg 300w, https:\/\/walkersicecream.com\/wp-content\/uploads\/2023\/07\/ICE-CREAM-MINIS-150x150.jpg 150w, https:\/\/walkersicecream.com\/wp-content\/uploads\/2023\/07\/ICE-CREAM-MINIS-100x100.jpg 100w, https:\/\/walkersicecream.com\/wp-content\/uploads\/2023\/07\/ICE-CREAM-MINIS-50x50.jpg 50w\" sizes=\"auto, (max-width: 300px) 100vw, 300px\" \/><\/div>\n                                    \n                                    \n                                    <div class=\"coffeeshop-wc-thumbnail-overlay\" >\n                                        <div class=\"wp-block-button wc-block-grid__product-add-to-cart\"><a href=\"?add-to-cart=8467\" aria-label=\"Add &ldquo;Cr\u00e8me glac\u00e9e miniature&rdquo; to your cart\" data-quantity=\"1\" data-product_id=\"8467\" data-product_sku=\"\" rel=\"nofollow\" class=\"  add_to_cart_button ajax_add_to_cart\">Add to cart<\/a><\/div>\n                                    <\/div>\n                                <\/div>\n                                <div class=\"coffeeshop-wc-content-wrap\" >\n                                    <div class=\"wc-block-grid__product-title\"><a href=\"https:\/\/walkersicecream.com\/fr\/produit\/glace-minis\/\">Cr\u00e8me glac\u00e9e miniature<\/a><\/div>\n                                    \n                                    <div class=\"coffeeshop-wc-info-wrap\" >\n                                        <div class=\"wc-block-grid__product-price price\"><span class=\"woocommerce-Price-amount amount\"><span class=\"woocommerce-Price-currencySymbol\">&#036;<\/span>33.75<\/span><\/div>\n                                        <div class=\"wp-block-button wc-block-grid__product-add-to-cart\"><a href=\"?add-to-cart=8467\" aria-label=\"Add &ldquo;Cr\u00e8me glac\u00e9e miniature&rdquo; to your cart\" data-quantity=\"1\" data-product_id=\"8467\" data-product_sku=\"\" rel=\"nofollow\" class=\"  add_to_cart_button ajax_add_to_cart\">Add to cart<\/a><\/div>\n                                    <\/div>\n                                <\/div>\n                            <\/li><\/ul><\/div><\/div>\n","protected":false},"excerpt":{"rendered":"","protected":false},"author":1,"featured_media":0,"parent":1808,"menu_order":0,"comment_status":"closed","ping_status":"closed","template":"","meta":{"_coblocks_attr":"","_coblocks_dimensions":"","_coblocks_responsive_height":"","_coblocks_accordion_ie_support":"","_price":"","_stock":"","_tribe_ticket_header":"","_tribe_default_ticket_provider":"","_tribe_ticket_capacity":"0","_ticket_start_date":"","_ticket_end_date":"","_tribe_ticket_show_description":"","_tribe_ticket_show_not_going":false,"_tribe_ticket_use_global_stock":"","_tribe_ticket_global_stock_level":"","_global_stock_mode":"","_global_stock_cap":"","_tribe_rsvp_for_event":"","_tribe_ticket_going_count":"","_tribe_ticket_not_going_count":"","_tribe_tickets_list":"[]","_tribe_ticket_has_attendee_info_fields":false,"footnotes":""},"class_list":["post-2728","page","type-page","status-publish","hentry"],"ticketed":false,"_links":{"self":[{"href":"https:\/\/walkersicecream.com\/fr\/wp-json\/wp\/v2\/pages\/2728","targetHints":{"allow":["GET"]}}],"collection":[{"href":"https:\/\/walkersicecream.com\/fr\/wp-json\/wp\/v2\/pages"}],"about":[{"href":"https:\/\/walkersicecream.com\/fr\/wp-json\/wp\/v2\/types\/page"}],"author":[{"embeddable":true,"href":"https:\/\/walkersicecream.com\/fr\/wp-json\/wp\/v2\/users\/1"}],"replies":[{"embeddable":true,"href":"https:\/\/walkersicecream.com\/fr\/wp-json\/wp\/v2\/comments?post=2728"}],"version-history":[{"count":7,"href":"https:\/\/walkersicecream.com\/fr\/wp-json\/wp\/v2\/pages\/2728\/revisions"}],"predecessor-version":[{"id":8575,"href":"https:\/\/walkersicecream.com\/fr\/wp-json\/wp\/v2\/pages\/2728\/revisions\/8575"}],"up":[{"embeddable":true,"href":"https:\/\/walkersicecream.com\/fr\/wp-json\/wp\/v2\/pages\/1808"}],"wp:attachment":[{"href":"https:\/\/walkersicecream.com\/fr\/wp-json\/wp\/v2\/media?parent=2728"}],"curies":[{"name":"wp","href":"https:\/\/api.w.org\/{rel}","templated":true}]}}