{"id":2723,"date":"2023-05-08T21:16:27","date_gmt":"2023-05-08T21:16:27","guid":{"rendered":"https:\/\/walkersicecream.com\/politique-de-remboursement-et-de-retour\/"},"modified":"2023-05-29T20:44:57","modified_gmt":"2023-05-29T20:44:57","slug":"politique-de-remboursement-et-de-retour","status":"publish","type":"page","link":"https:\/\/walkersicecream.com\/fr\/politique-de-remboursement-et-de-retour\/","title":{"rendered":"Politique de remboursement"},"content":{"rendered":"\n<p><\/p><h2>REMBOURSEMENT<\/h2>\n\n<p>Votre satisfaction est garantie ! Si vous n&rsquo;\u00eates pas satisfait du go\u00fbt ou de la qualit\u00e9 d&rsquo;un produit achet\u00e9 chez nous, veuillez nous contacter imm\u00e9diatement au 514-476-4761 pour organiser un remboursement ou un cr\u00e9dit futur. Toutefois, les produits glac\u00e9s \u00e9tant p\u00e9rissables, toute commande qui n&rsquo;est pas enlev\u00e9e dans les d\u00e9lais prescrits n&rsquo;est pas remboursable.<\/p>\n\n<h2>Besoin d&rsquo;aide ?<\/h2>\n\n<p><a href=\"https:\/\/walkersicecream.com\/fr\/nous-contacter\/\" data-type=\"page\" data-id=\"375\">Contactez-nous <\/a> pour toute question relative aux remboursements et aux retours.<\/p>\n","protected":false},"excerpt":{"rendered":"<p>REMBOURSEMENT Votre satisfaction est garantie ! Si vous n&rsquo;\u00eates pas satisfait du go\u00fbt ou de la qualit\u00e9 d&rsquo;un produit achet\u00e9 chez nous, veuillez nous contacter imm\u00e9diatement au 514-476-4761 pour organiser un remboursement ou un cr\u00e9dit futur. Toutefois, les produits glac\u00e9s \u00e9tant p\u00e9rissables, toute commande qui n&rsquo;est pas enlev\u00e9e dans les d\u00e9lais prescrits n&rsquo;est pas remboursable. [&hellip;]<\/p>\n","protected":false},"author":1,"featured_media":0,"parent":0,"menu_order":0,"comment_status":"closed","ping_status":"closed","template":"","meta":{"_coblocks_attr":"","_coblocks_dimensions":"","_coblocks_responsive_height":"","_coblocks_accordion_ie_support":"","_price":"","_stock":"","_tribe_ticket_header":"","_tribe_default_ticket_provider":"","_tribe_ticket_capacity":"0","_ticket_start_date":"","_ticket_end_date":"","_tribe_ticket_show_description":"","_tribe_ticket_show_not_going":false,"_tribe_ticket_use_global_stock":"","_tribe_ticket_global_stock_level":"","_global_stock_mode":"","_global_stock_cap":"","_tribe_rsvp_for_event":"","_tribe_ticket_going_count":"","_tribe_ticket_not_going_count":"","_tribe_tickets_list":"[]","_tribe_ticket_has_attendee_info_fields":false,"footnotes":""},"class_list":["post-2723","page","type-page","status-publish","hentry"],"ticketed":false,"_links":{"self":[{"href":"https:\/\/walkersicecream.com\/fr\/wp-json\/wp\/v2\/pages\/2723","targetHints":{"allow":["GET"]}}],"collection":[{"href":"https:\/\/walkersicecream.com\/fr\/wp-json\/wp\/v2\/pages"}],"about":[{"href":"https:\/\/walkersicecream.com\/fr\/wp-json\/wp\/v2\/types\/page"}],"author":[{"embeddable":true,"href":"https:\/\/walkersicecream.com\/fr\/wp-json\/wp\/v2\/users\/1"}],"replies":[{"embeddable":true,"href":"https:\/\/walkersicecream.com\/fr\/wp-json\/wp\/v2\/comments?post=2723"}],"version-history":[{"count":3,"href":"https:\/\/walkersicecream.com\/fr\/wp-json\/wp\/v2\/pages\/2723\/revisions"}],"predecessor-version":[{"id":3133,"href":"https:\/\/walkersicecream.com\/fr\/wp-json\/wp\/v2\/pages\/2723\/revisions\/3133"}],"wp:attachment":[{"href":"https:\/\/walkersicecream.com\/fr\/wp-json\/wp\/v2\/media?parent=2723"}],"curies":[{"name":"wp","href":"https:\/\/api.w.org\/{rel}","templated":true}]}}