{"id":1808,"date":"2023-05-03T21:52:06","date_gmt":"2023-05-03T21:52:06","guid":{"rendered":"https:\/\/walkersicecream.com\/boutique\/"},"modified":"2025-12-18T17:39:14","modified_gmt":"2025-12-18T17:39:14","slug":"nos-produits","status":"publish","type":"page","link":"https:\/\/walkersicecream.com\/fr\/nos-produits\/","title":{"rendered":"Nos produits"},"content":{"rendered":"\n<div class=\"wp-block-columns has-small-font-size is-layout-flex wp-container-core-columns-is-layout-28f84493 wp-block-columns-is-layout-flex\">\n<div class=\"wp-block-column is-layout-flow wp-block-column-is-layout-flow\" style=\"flex-basis:100%\">\n<div class=\"wp-block-columns is-layout-flex wp-container-core-columns-is-layout-0b67b37a wp-block-columns-is-layout-flex\" style=\"padding-top:3rem;padding-right:0;padding-bottom:3rem;padding-left:0\">\n<div class=\"wp-block-column is-layout-flow wp-block-column-is-layout-flow\" style=\"flex-basis:100%\">\n<div class=\"wp-block-coblocks-row coblocks-row-62721273547\" data-columns=\"1\" data-layout=\"100\"><div class=\"wp-block-coblocks-row__inner has-no-padding has-no-margin is-stacked-on-mobile has-medium-gutter\">\n<div class=\"wp-block-coblocks-column coblocks-column-62721277363\" style=\"width:100%\"><div class=\"wp-block-coblocks-column__inner has-no-padding has-no-margin\">\n<div class=\"wp-block-buttons is-content-justification-center is-layout-flex wp-container-core-buttons-is-layout-c124d1c4 wp-block-buttons-is-layout-flex\">\n<div class=\"wp-block-button is-style-3d\"><a class=\"wp-block-button__link has-heading-color has-background-background-color has-text-color has-background wp-element-button\" href=\"https:\/\/walkersicecream.com\/shop\/ice-cream-cakes\/\">G\u00e2teaux \u00e0 la cr\u00e8me glac\u00e9e<\/a><\/div>\n\n\n\n<div class=\"wp-block-button is-style-3d\"><a class=\"wp-block-button__link has-heading-color has-background-background-color has-text-color has-background wp-element-button\" href=\"https:\/\/walkersicecream.com\/shop\/ice-cream-sandwiches\/\">Sandwichs \u00e0 la cr\u00e8me glac\u00e9e<\/a><\/div>\n\n\n\n<div class=\"wp-block-button is-style-3d\"><a class=\"wp-block-button__link has-heading-color has-background-background-color has-text-color has-background wp-element-button\" href=\"https:\/\/walkersicecream.com\/fr\/nos-produits\/creme-glacee\/\">Cr\u00e8me glac\u00e9e<\/a><\/div>\n\n\n\n<div class=\"wp-block-button is-style-3d\"><a class=\"wp-block-button__link has-background-color has-heading-element-background-color has-text-color has-background wp-element-button\" href=\"https:\/\/walkersicecream.com\/fr\/nos-produits\/desserts-des-fetes\">Desserts des F\u00eates<\/a><\/div>\n<\/div>\n<\/div><\/div>\n<\/div><\/div>\n<\/div>\n<\/div>\n<\/div>\n<\/div>\n<div data-block-name=\"woocommerce\/product-tag\" data-content-visibility=\"{&quot;image&quot;:true,&quot;title&quot;:true,&quot;price&quot;:true,&quot;rating&quot;:false,&quot;button&quot;:true}\" data-tags=\"[473]\" data-orderby=\"price_asc\" class=\"wc-block-grid wp-block-product-tag wc-block-product-tag has-3-columns has-multiple-rows\"><ul class=\"wc-block-grid__products\"><li class=\"wc-block-grid__product wc-block-grid-product-default\">\n                            <div class=\"coffeeshop-wc-thumbnail-wrap\" >\n                                <div class=\"wc-block-grid__product-image\"><img loading=\"lazy\" decoding=\"async\" width=\"300\" height=\"300\" src=\"https:\/\/walkersicecream.com\/wp-content\/uploads\/2023\/06\/IceCreamSandwichs-300x300.jpg\" class=\"attachment-woocommerce_thumbnail size-woocommerce_thumbnail\" alt=\"Sandwichs \u00e0 la cr\u00e8me glac\u00e9e\" srcset=\"https:\/\/walkersicecream.com\/wp-content\/uploads\/2023\/06\/IceCreamSandwichs-300x300.jpg 300w, https:\/\/walkersicecream.com\/wp-content\/uploads\/2023\/06\/IceCreamSandwichs-150x150.jpg 150w, https:\/\/walkersicecream.com\/wp-content\/uploads\/2023\/06\/IceCreamSandwichs-100x100.jpg 100w, https:\/\/walkersicecream.com\/wp-content\/uploads\/2023\/06\/IceCreamSandwichs-50x50.jpg 50w\" sizes=\"auto, (max-width: 300px) 100vw, 300px\" \/><\/div>\n                                \n                                \n                                <div class=\"coffeeshop-wc-thumbnail-overlay\" >\n                                    <div class=\"wp-block-button wc-block-grid__product-add-to-cart\"><a href=\"https:\/\/walkersicecream.com\/fr\/produit\/sandwichs-a-la-creme-glacee\/\" aria-label=\"Select options for &ldquo;Sandwichs \u00e0 la cr\u00e8me glac\u00e9e&rdquo;\" data-quantity=\"1\" data-product_id=\"8431\" data-product_sku=\"\" rel=\"nofollow\" class=\"wp-block-button__link wp-element-button add_to_cart_button\">Commander<\/a><\/div>\n                                <\/div>\n                            <\/div>\n                            <div class=\"wc-block-grid__product-title\"><a href=\"https:\/\/walkersicecream.com\/fr\/produit\/sandwichs-a-la-creme-glacee\/\">Sandwichs \u00e0 la cr\u00e8me glac\u00e9e<\/a><\/div>\n                            <div class=\"coffeeshop-wc-product-info\" >\n                                <div class=\"wc-block-grid__product-price price\"><span class=\"woocommerce-Price-amount amount\"><span class=\"woocommerce-Price-currencySymbol\">&#036;<\/span>4.75<\/span> &ndash; <span class=\"woocommerce-Price-amount amount\"><span class=\"woocommerce-Price-currencySymbol\">&#036;<\/span>5.75<\/span><\/div>\n                                \n                            <\/div>\n                        <\/li><li class=\"wc-block-grid__product wc-block-grid-product-default\">\n                            <div class=\"coffeeshop-wc-thumbnail-wrap\" >\n                                <div class=\"wc-block-grid__product-image\"><img loading=\"lazy\" decoding=\"async\" width=\"300\" height=\"300\" src=\"https:\/\/walkersicecream.com\/wp-content\/uploads\/2023\/07\/Traditional_Confetti-300x300.png\" class=\"attachment-woocommerce_thumbnail size-woocommerce_thumbnail\" alt=\"G\u00e2teaux \u00e0 la cr\u00e8me glac\u00e9e traditionnels\" srcset=\"https:\/\/walkersicecream.com\/wp-content\/uploads\/2023\/07\/Traditional_Confetti-300x300.png 300w, https:\/\/walkersicecream.com\/wp-content\/uploads\/2023\/07\/Traditional_Confetti-150x150.png 150w, https:\/\/walkersicecream.com\/wp-content\/uploads\/2023\/07\/Traditional_Confetti-100x100.png 100w, https:\/\/walkersicecream.com\/wp-content\/uploads\/2023\/07\/Traditional_Confetti-50x50.png 50w\" sizes=\"auto, (max-width: 300px) 100vw, 300px\" \/><\/div>\n                                \n                                \n                                <div class=\"coffeeshop-wc-thumbnail-overlay\" >\n                                    <div class=\"wp-block-button wc-block-grid__product-add-to-cart\"><a href=\"https:\/\/walkersicecream.com\/fr\/produit\/gateaux-de-glace-traditionnels\/\" aria-label=\"Select options for &ldquo;G\u00e2teaux \u00e0 la cr\u00e8me glac\u00e9e traditionnels&rdquo;\" data-quantity=\"1\" data-product_id=\"7844\" data-product_sku=\"\" rel=\"nofollow\" class=\"wp-block-button__link wp-element-button add_to_cart_button\">Commander<\/a><\/div>\n                                <\/div>\n                            <\/div>\n                            <div class=\"wc-block-grid__product-title\"><a href=\"https:\/\/walkersicecream.com\/fr\/produit\/gateaux-de-glace-traditionnels\/\">G\u00e2teaux \u00e0 la cr\u00e8me glac\u00e9e traditionnels<\/a><\/div>\n                            <div class=\"coffeeshop-wc-product-info\" >\n                                <div class=\"wc-block-grid__product-price price\"><span class=\"woocommerce-Price-amount amount\"><span class=\"woocommerce-Price-currencySymbol\">&#036;<\/span>28.00<\/span> &ndash; <span class=\"woocommerce-Price-amount amount\"><span class=\"woocommerce-Price-currencySymbol\">&#036;<\/span>45.00<\/span><\/div>\n                                \n                            <\/div>\n                        <\/li><li class=\"wc-block-grid__product wc-block-grid-product-default\">\n                            <div class=\"coffeeshop-wc-thumbnail-wrap\" >\n                                <div class=\"wc-block-grid__product-image\"><img loading=\"lazy\" decoding=\"async\" width=\"300\" height=\"300\" src=\"https:\/\/walkersicecream.com\/wp-content\/uploads\/2023\/07\/Deluxe_Oreo-300x300.png\" class=\"attachment-woocommerce_thumbnail size-woocommerce_thumbnail\" alt=\"G\u00e2teaux glac\u00e9s traditionnels de luxe\" srcset=\"https:\/\/walkersicecream.com\/wp-content\/uploads\/2023\/07\/Deluxe_Oreo-300x300.png 300w, https:\/\/walkersicecream.com\/wp-content\/uploads\/2023\/07\/Deluxe_Oreo-150x150.png 150w, https:\/\/walkersicecream.com\/wp-content\/uploads\/2023\/07\/Deluxe_Oreo-100x100.png 100w, https:\/\/walkersicecream.com\/wp-content\/uploads\/2023\/07\/Deluxe_Oreo-50x50.png 50w\" sizes=\"auto, (max-width: 300px) 100vw, 300px\" \/><\/div>\n                                \n                                \n                                <div class=\"coffeeshop-wc-thumbnail-overlay\" >\n                                    <div class=\"wp-block-button wc-block-grid__product-add-to-cart\"><a href=\"https:\/\/walkersicecream.com\/fr\/produit\/gateaux-glaces-traditionnels-de-luxe\/\" aria-label=\"Select options for &ldquo;G\u00e2teaux glac\u00e9s traditionnels de luxe&rdquo;\" data-quantity=\"1\" data-product_id=\"7860\" data-product_sku=\"\" rel=\"nofollow\" class=\"wp-block-button__link wp-element-button add_to_cart_button\">Commander<\/a><\/div>\n                                <\/div>\n                            <\/div>\n                            <div class=\"wc-block-grid__product-title\"><a href=\"https:\/\/walkersicecream.com\/fr\/produit\/gateaux-glaces-traditionnels-de-luxe\/\">G\u00e2teaux glac\u00e9s traditionnels de luxe<\/a><\/div>\n                            <div class=\"coffeeshop-wc-product-info\" >\n                                <div class=\"wc-block-grid__product-price price\"><span class=\"woocommerce-Price-amount amount\"><span class=\"woocommerce-Price-currencySymbol\">&#036;<\/span>33.00<\/span> &ndash; <span class=\"woocommerce-Price-amount amount\"><span class=\"woocommerce-Price-currencySymbol\">&#036;<\/span>50.00<\/span><\/div>\n                                \n                            <\/div>\n                        <\/li><li class=\"wc-block-grid__product wc-block-grid-product-default\">\n                            <div class=\"coffeeshop-wc-thumbnail-wrap\" >\n                                <div class=\"wc-block-grid__product-image\"><img loading=\"lazy\" decoding=\"async\" width=\"300\" height=\"300\" src=\"https:\/\/walkersicecream.com\/wp-content\/uploads\/2023\/07\/ICE-CREAM-MINIS-300x300.jpg\" class=\"attachment-woocommerce_thumbnail size-woocommerce_thumbnail\" alt=\"Cr\u00e8me glac\u00e9e miniature\" srcset=\"https:\/\/walkersicecream.com\/wp-content\/uploads\/2023\/07\/ICE-CREAM-MINIS-300x300.jpg 300w, https:\/\/walkersicecream.com\/wp-content\/uploads\/2023\/07\/ICE-CREAM-MINIS-150x150.jpg 150w, https:\/\/walkersicecream.com\/wp-content\/uploads\/2023\/07\/ICE-CREAM-MINIS-100x100.jpg 100w, https:\/\/walkersicecream.com\/wp-content\/uploads\/2023\/07\/ICE-CREAM-MINIS-50x50.jpg 50w\" sizes=\"auto, (max-width: 300px) 100vw, 300px\" \/><\/div>\n                                \n                                \n                                <div class=\"coffeeshop-wc-thumbnail-overlay\" >\n                                    <div class=\"wp-block-button wc-block-grid__product-add-to-cart\"><a href=\"?add-to-cart=8467\" aria-label=\"Add &ldquo;Cr\u00e8me glac\u00e9e miniature&rdquo; to your cart\" data-quantity=\"1\" data-product_id=\"8467\" data-product_sku=\"\" rel=\"nofollow\" class=\"wp-block-button__link wp-element-button add_to_cart_button ajax_add_to_cart\">Add to cart<\/a><\/div>\n                                <\/div>\n                            <\/div>\n                            <div class=\"wc-block-grid__product-title\"><a href=\"https:\/\/walkersicecream.com\/fr\/produit\/glace-minis\/\">Cr\u00e8me glac\u00e9e miniature<\/a><\/div>\n                            <div class=\"coffeeshop-wc-product-info\" >\n                                <div class=\"wc-block-grid__product-price price\"><span class=\"woocommerce-Price-amount amount\"><span class=\"woocommerce-Price-currencySymbol\">&#036;<\/span>33.75<\/span><\/div>\n                                \n                            <\/div>\n                        <\/li><li class=\"wc-block-grid__product wc-block-grid-product-default\">\n                            <div class=\"coffeeshop-wc-thumbnail-wrap\" >\n                                <div class=\"wc-block-grid__product-image\"><img loading=\"lazy\" decoding=\"async\" width=\"300\" height=\"300\" src=\"https:\/\/walkersicecream.com\/wp-content\/uploads\/2023\/06\/Extreme_Cookie_Cake-300x300.png\" class=\"attachment-woocommerce_thumbnail size-woocommerce_thumbnail\" alt=\"G\u00e2teau aux biscuits extr\u00eames\" srcset=\"https:\/\/walkersicecream.com\/wp-content\/uploads\/2023\/06\/Extreme_Cookie_Cake-300x300.png 300w, https:\/\/walkersicecream.com\/wp-content\/uploads\/2023\/06\/Extreme_Cookie_Cake-150x150.png 150w, https:\/\/walkersicecream.com\/wp-content\/uploads\/2023\/06\/Extreme_Cookie_Cake-100x100.png 100w, https:\/\/walkersicecream.com\/wp-content\/uploads\/2023\/06\/Extreme_Cookie_Cake-50x50.png 50w\" sizes=\"auto, (max-width: 300px) 100vw, 300px\" \/><\/div>\n                                \n                                \n                                <div class=\"coffeeshop-wc-thumbnail-overlay\" >\n                                    <div class=\"wp-block-button wc-block-grid__product-add-to-cart\"><a href=\"https:\/\/walkersicecream.com\/fr\/produit\/gateau-cookie-extreme\/\" aria-label=\"Select options for &ldquo;G\u00e2teau aux biscuits extr\u00eames&rdquo;\" data-quantity=\"1\" data-product_id=\"7794\" data-product_sku=\"\" rel=\"nofollow\" class=\"wp-block-button__link wp-element-button add_to_cart_button\">Commander<\/a><\/div>\n                                <\/div>\n                            <\/div>\n                            <div class=\"wc-block-grid__product-title\"><a href=\"https:\/\/walkersicecream.com\/fr\/produit\/gateau-cookie-extreme\/\">G\u00e2teau aux biscuits extr\u00eames<\/a><\/div>\n                            <div class=\"coffeeshop-wc-product-info\" >\n                                <div class=\"wc-block-grid__product-price price\"><span class=\"woocommerce-Price-amount amount\"><span class=\"woocommerce-Price-currencySymbol\">&#036;<\/span>30.00<\/span> &ndash; <span class=\"woocommerce-Price-amount amount\"><span class=\"woocommerce-Price-currencySymbol\">&#036;<\/span>61.00<\/span><\/div>\n                                \n                            <\/div>\n                        <\/li><\/ul><\/div>","protected":false},"excerpt":{"rendered":"","protected":false},"author":1,"featured_media":0,"parent":0,"menu_order":0,"comment_status":"closed","ping_status":"closed","template":"","meta":{"_coblocks_attr":"","_coblocks_dimensions":"","_coblocks_responsive_height":"","_coblocks_accordion_ie_support":"","_price":"","_stock":"","_tribe_ticket_header":"","_tribe_default_ticket_provider":"","_tribe_ticket_capacity":"0","_ticket_start_date":"","_ticket_end_date":"","_tribe_ticket_show_description":"","_tribe_ticket_show_not_going":false,"_tribe_ticket_use_global_stock":"","_tribe_ticket_global_stock_level":"","_global_stock_mode":"","_global_stock_cap":"","_tribe_rsvp_for_event":"","_tribe_ticket_going_count":"","_tribe_ticket_not_going_count":"","_tribe_tickets_list":"[]","_tribe_ticket_has_attendee_info_fields":false,"footnotes":""},"class_list":["post-1808","page","type-page","status-publish","hentry"],"ticketed":false,"_links":{"self":[{"href":"https:\/\/walkersicecream.com\/fr\/wp-json\/wp\/v2\/pages\/1808","targetHints":{"allow":["GET"]}}],"collection":[{"href":"https:\/\/walkersicecream.com\/fr\/wp-json\/wp\/v2\/pages"}],"about":[{"href":"https:\/\/walkersicecream.com\/fr\/wp-json\/wp\/v2\/types\/page"}],"author":[{"embeddable":true,"href":"https:\/\/walkersicecream.com\/fr\/wp-json\/wp\/v2\/users\/1"}],"replies":[{"embeddable":true,"href":"https:\/\/walkersicecream.com\/fr\/wp-json\/wp\/v2\/comments?post=1808"}],"version-history":[{"count":25,"href":"https:\/\/walkersicecream.com\/fr\/wp-json\/wp\/v2\/pages\/1808\/revisions"}],"predecessor-version":[{"id":9593,"href":"https:\/\/walkersicecream.com\/fr\/wp-json\/wp\/v2\/pages\/1808\/revisions\/9593"}],"wp:attachment":[{"href":"https:\/\/walkersicecream.com\/fr\/wp-json\/wp\/v2\/media?parent=1808"}],"curies":[{"name":"wp","href":"https:\/\/api.w.org\/{rel}","templated":true}]}}